{"id":118,"date":"2015-11-10T14:10:15","date_gmt":"2015-11-10T12:10:15","guid":{"rendered":"http:\/\/www.time-line.fr\/?page_id=118"},"modified":"2023-04-06T16:53:46","modified_gmt":"2023-04-06T14:53:46","slug":"mentions-legales","status":"publish","type":"page","link":"https:\/\/www.time-line.fr\/fr\/mentions-legales\/","title":{"rendered":"Mentions l\u00e9gales"},"content":{"rendered":"<p>Time-Line Factory a ouvert ce site time-line.fr pour l&rsquo;information personnelle de ses utilisateurs. Votre utilisation du site est soumise au respect des conditions g\u00e9n\u00e9rales d&rsquo;acc\u00e8s et d&rsquo;utilisation d\u00e9taill\u00e9es ci-dessous et de l&rsquo;ensemble des lois applicables (\u00ab\u00a0mentions l\u00e9gales\u00a0\u00bb). Lorsque vous vous connectez au site et que vous le parcourez et l&rsquo;utilisez, vous acceptez sans r\u00e9serve les mentions l\u00e9gales.<\/p>\n<h3>Informations g\u00e9n\u00e9rales<\/h3>\n<p>Ce site est \u00e9dit\u00e9 par la soci\u00e9t\u00e9&nbsp;:<br \/>\nTIME-LINE FACTORY SAS<br \/>\n68 avenue de la R\u00e9publique<br \/>\n92120 MONTROUGE &#8211; FRANCE<br \/>\nSIRET&nbsp;: 807 490 750 00021 \u2013 APE&nbsp;: 5911A \u2013 Capital 21 000 Euros<br \/>\nResponsable de la publication&nbsp;: M. Valentin GUERIOT<\/p>\n<p>La cr\u00e9ation graphique et le d\u00e9veloppement de ce site ont \u00e9t\u00e9 effectu\u00e9s par la soci\u00e9t\u00e9&nbsp;:<br \/>\nGuillaume Duhec<br \/>\n36 Rue Eug\u00e8ne Oudin\u00e9<br \/>\n75013 Paris<br \/>\nAPE&nbsp;: 7410Z \u2013 SIRET&nbsp;: 519 592 992 00019<\/p>\n<p>L&rsquo;h\u00e9bergement de ce site est assur\u00e9 par la soci\u00e9t\u00e9&nbsp;:<br \/>\nInfomaniak Network SA<br \/>\nAvenue de la Praille, 26<br \/>\n1227 Carouge &#8211; Suisse<br \/>\nN\u00b0 IDE &amp; TVA&nbsp;: CHE-103.167.648<\/p>\n<h3>Droits de propri\u00e9t\u00e9 intellectuelle<\/h3>\n<h4>Droits d&rsquo;auteur et des bases de donn\u00e9es<\/h4>\n<p>Le pr\u00e9sent site constitue une \u0153uvre dont Time-Line Factory est l&rsquo;auteur au sens des articles L. 111.1 et suivants du Code de la propri\u00e9t\u00e9 intellectuelle. La conception et le d\u00e9veloppement du site time-line.fr ayant \u00e9t\u00e9 assur\u00e9s par Guillaume Duhec &#8211;\u00a036 Rue Eug\u00e8ne Oudin\u00e9\u00a075013 Paris (APE&nbsp;: 7410Z \u2013 SIRET&nbsp;: 519 592 992 00019)<\/p>\n<p>La structure g\u00e9n\u00e9rale, ainsi que les logiciels, textes, images anim\u00e9es ou fixes, sons, savoir-faire, dessins, graphismes et tout autre \u00e9l\u00e9ment composant le site sont la propri\u00e9t\u00e9 exclusive de Time-Line Factory, ou de tiers ayant autoris\u00e9 Time-Line Factory \u00e0 les utiliser.<br \/>\nLes reproductions, sur un support papier ou informatique, dudit site est autoris\u00e9 sous r\u00e9serve qu&rsquo;elles soient strictement r\u00e9serv\u00e9es \u00e0 un usage personnel excluant tout usage \u00e0 des fins publicitaires, commerciales, d&rsquo;information.<\/p>\n<p>A l&rsquo;exception des dispositions ci-dessus, toute reproduction ou repr\u00e9sentation totale ou partielle de ce site par quelque proc\u00e9d\u00e9 que ce soit, sans notre autorisation expresse, est interdite et constituerait une contrefa\u00e7on sanctionn\u00e9e par les articles L. 355-2 et suivants du Code de la propri\u00e9t\u00e9 intellectuelle, puni de deux ans d&#8217;emprisonnement et de 150.000 Euros d&rsquo;amende.<\/p>\n<h3>Respect de votre vie priv\u00e9e<\/h3>\n<p>Time-Line Factory se pr\u00e9occupe du respect de la vie priv\u00e9e et la protection des informations, nominatives ou non, de tous les internautes qui souhaitent avoir acc\u00e8s au site Internet time-line.fr.<br \/>\nVous pouvez consulter ce site sans r\u00e9v\u00e9ler votre identit\u00e9 ou donner la moindre information vous concernant.<\/p>\n<p>Les informations que vous communiquerez sont destin\u00e9es \u00e0 Time-Line Factory et ne seront utilis\u00e9es que pour les seules n\u00e9cessit\u00e9s de l&rsquo;objet de la collecte de donn\u00e9es.<\/p>\n<h4>Donn\u00e9es personnelles<\/h4>\n<p>Time-Line Factory est susceptible de traiter vos donn\u00e9es \u00e0 caract\u00e8re personnel conform\u00e9ment \u00e0 la r\u00e8glementation applicable et \u00e0 la politique de protection des donn\u00e9es \u00e0 caract\u00e8re personnel de ses clients et prospects accessible <a href=\"https:\/\/www.time-line.fr\/fr\/protection-des-donnees\/\"><u>ici<\/u><\/a>.<\/p>\n<h4>Droit d&rsquo;acc\u00e8s<\/h4>\n<p>Il est rappel\u00e9 aux personnes faisant l&rsquo;objet d&rsquo;informations nominatives qu&rsquo;elles disposent d&rsquo;un droit d&rsquo;acc\u00e8s, de modification, de rectification et de suppression des donn\u00e9es qui les concernent (article 34 de la loi \u00a0\u00bb Informatique et libert\u00e9s \u00a0\u00bb du 6 janvier 1978). Pour exercer ce droit, adressez-vous \u00e0\u00a0: Time-Line Factory ( 68 Av. de la R\u00e9publique, 92120 Montrouge) et dpo-timelinefactory@racine.eu.<\/p>\n<h4>Donn\u00e9es \u00e0 caract\u00e8re non personnel<\/h4>\n<p>Nous sommes susceptibles d&rsquo;obtenir des renseignements obtenus automatiquement mais qui ne peuvent, en aucun cas, \u00eatre associ\u00e9s \u00e0 une personne. Ces renseignements concernent le type de navigateur Internet que vous utilisez, le syst\u00e8me de votre ordinateur et le nom du domaine par lequel vous avez acc\u00e9d\u00e9 \u00e0 notre site.<\/p>\n<h4>Cookies<\/h4>\n<p>Lors de votre visite sur ce site, nous sommes susceptibles d&rsquo;implanter des cookies sur votre ordinateur. Un cookie ne nous permet pas de vous identifier. De mani\u00e8re g\u00e9n\u00e9rale, il enregistre des informations relatives \u00e0 la navigation de votre ordinateur sur notre site (les pages que vous avez consult\u00e9es, la date et l&rsquo;heure de la consultation, etc.) que nous pourrons lire lors de vos visites ult\u00e9rieures. En l&rsquo;esp\u00e8ce, il contient les informations que vous venez de nous fournir.<\/p>\n<p>Vous pouvez naturellement vous opposer \u00e0 l&rsquo;enregistrement de cookies en configurant votre navigateur en cons\u00e9quence. Vous pouvez \u00e9galement supprimer les cookies \u00e0 tout moment et individuellement en vous rapportant au manuel d&rsquo;utilisation de votre syst\u00e8me d&rsquo;exploitation.<\/p>\n<h4>Liens hypertextes<\/h4>\n<p>Les utilisateurs sont formellement inform\u00e9s que les sites auxquels ils peuvent acc\u00e9der par l&rsquo;interm\u00e9diaire des liens hypertextes ne nous appartiennent pas. Time-Line Factory d\u00e9cline toute responsabilit\u00e9 quant au contenu des informations fournies sur ces sites au titre de l&rsquo;activation du lien.<\/p>\n<p>Toute cr\u00e9ation par un tiers, de lien hypertexte en direction de l&rsquo;une quelconque des pages ou cadres du pr\u00e9sent site n\u00e9cessite notre accord pr\u00e9alable.<\/p>\n<h4>Droit applicable<\/h4>\n<p>Le pr\u00e9sent site est exclusivement r\u00e9gi par le droit interne fran\u00e7ais et par les conventions internationales applicables en France. La langue des mentions l\u00e9gales est la langue fran\u00e7aise. En cas de litige, les tribunaux fran\u00e7ais seront seuls comp\u00e9tents.<\/p>\n<h4>Mise \u00e0 jour des conditions g\u00e9n\u00e9rales<\/h4>\n<p>La pr\u00e9sente notice l\u00e9gale est \u00e9tablie \u00e0 un moment d\u00e9termin\u00e9, et est opposable \u00e0 l&rsquo;utilisateur \u00e0 l&rsquo;instant o\u00f9 il se connecte sur le site. Time-Line Factory se r\u00e9serve le droit de faire \u00e9voluer cette notice l\u00e9gale pour des raisons de mise \u00e0 jour, d&rsquo;am\u00e9lioration ou d&rsquo;adaptation. Ces modifications et ces mises \u00e0 jour s&rsquo;imposent \u00e0 l&rsquo;internaute qui doit en cons\u00e9quence se r\u00e9f\u00e9rer r\u00e9guli\u00e8rement \u00e0 cette rubrique pour v\u00e9rifier les mentions l\u00e9gales en vigueur.<\/p>\n<p style=\"text-align: right;\"><strong><em>Version dat\u00e9e du 06\/04\/2023<\/em><\/strong><\/p>\n<hr \/>\n<p><em>Time-Line Factory, votre conseil en production post-production audiovisuelle&nbsp;: localisation &amp; doublage, post-synchronisation, bruitage, sound-design, audio-description, montage son, mixage, restauration sonore, sous-titrage, authoring, multim\u00e9dia au service du cin\u00e9ma et de la TV (s\u00e9ries t\u00e9l\u00e9vis\u00e9es, films cin\u00e9ma, t\u00e9l\u00e9films, s\u00e9ries d&rsquo;animation, longs m\u00e9trages, courts m\u00e9trages, documentaires, publicit\u00e9s, films institutionnels<\/em><\/p>\n<p><em>D\u00e9couvrez nos diff\u00e9rents espaces aux portes\u00a0 de Paris&nbsp;: 3 auditoriums, 1 salle de montage, 4 studios de mixage, 1 espace auteurs-adaptateurs&#8230;<\/em><\/p>\n","protected":false},"excerpt":{"rendered":"<p>Time-Line Factory a ouvert ce site time-line.fr pour l&rsquo;information personnelle de ses utilisateurs. Votre utilisation du site est soumise au respect des conditions g\u00e9n\u00e9rales d&rsquo;acc\u00e8s et d&rsquo;utilisation d\u00e9taill\u00e9es ci-dessous et de l&rsquo;ensemble des lois applicables (\u00ab\u00a0mentions l\u00e9gales\u00a0\u00bb). Lorsque vous vous connectez au site et que vous le parcourez et l&rsquo;utilisez, vous acceptez sans r\u00e9serve les [&hellip;]<\/p>\n","protected":false},"author":2,"featured_media":0,"parent":0,"menu_order":0,"comment_status":"closed","ping_status":"closed","template":"","meta":{"footnotes":""},"class_list":["post-118","page","type-page","status-publish","hentry"],"_links":{"self":[{"href":"https:\/\/www.time-line.fr\/fr\/wp-json\/wp\/v2\/pages\/118","targetHints":{"allow":["GET"]}}],"collection":[{"href":"https:\/\/www.time-line.fr\/fr\/wp-json\/wp\/v2\/pages"}],"about":[{"href":"https:\/\/www.time-line.fr\/fr\/wp-json\/wp\/v2\/types\/page"}],"author":[{"embeddable":true,"href":"https:\/\/www.time-line.fr\/fr\/wp-json\/wp\/v2\/users\/2"}],"replies":[{"embeddable":true,"href":"https:\/\/www.time-line.fr\/fr\/wp-json\/wp\/v2\/comments?post=118"}],"version-history":[{"count":3,"href":"https:\/\/www.time-line.fr\/fr\/wp-json\/wp\/v2\/pages\/118\/revisions"}],"predecessor-version":[{"id":365,"href":"https:\/\/www.time-line.fr\/fr\/wp-json\/wp\/v2\/pages\/118\/revisions\/365"}],"wp:attachment":[{"href":"https:\/\/www.time-line.fr\/fr\/wp-json\/wp\/v2\/media?parent=118"}],"curies":[{"name":"wp","href":"https:\/\/api.w.org\/{rel}","templated":true}]}}