{"id":81,"date":"2015-07-10T19:49:45","date_gmt":"2015-07-10T17:49:45","guid":{"rendered":"http:\/\/www.time-line.fr\/?page_id=81"},"modified":"2023-04-06T17:42:19","modified_gmt":"2023-04-06T15:42:19","slug":"contact","status":"publish","type":"page","link":"https:\/\/www.time-line.fr\/fr\/contact\/","title":{"rendered":"Contact"},"content":{"rendered":"<p><span class=\"credits--refs\">Les champs annot\u00e9s d\u2019un ast\u00e9risque sont obligatoires et les donn\u00e9es collect\u00e9es par Time-Line Factory afin qu\u2019il soit fait suite \u00e0 la demande de la personne concern\u00e9e sont trait\u00e9es conform\u00e9ment \u00e0 la politique de protection des donn\u00e9es \u00e0 caract\u00e8re personnel des clients et prospects accessible <a href=\"https:\/\/www.time-line.fr\/fr\/protection-des-donnees\/\">ici<\/a>.<\/span><\/p>\n","protected":false},"excerpt":{"rendered":"<p>Les champs annot\u00e9s d\u2019un ast\u00e9risque sont obligatoires et les donn\u00e9es collect\u00e9es par Time-Line Factory afin qu\u2019il soit fait suite \u00e0 la demande de la personne concern\u00e9e sont trait\u00e9es conform\u00e9ment \u00e0 la politique de protection des donn\u00e9es \u00e0 caract\u00e8re personnel des clients et prospects accessible ici.<\/p>\n","protected":false},"author":2,"featured_media":0,"parent":0,"menu_order":3,"comment_status":"open","ping_status":"closed","template":"","meta":{"footnotes":""},"class_list":["post-81","page","type-page","status-publish","hentry"],"_links":{"self":[{"href":"https:\/\/www.time-line.fr\/fr\/wp-json\/wp\/v2\/pages\/81","targetHints":{"allow":["GET"]}}],"collection":[{"href":"https:\/\/www.time-line.fr\/fr\/wp-json\/wp\/v2\/pages"}],"about":[{"href":"https:\/\/www.time-line.fr\/fr\/wp-json\/wp\/v2\/types\/page"}],"author":[{"embeddable":true,"href":"https:\/\/www.time-line.fr\/fr\/wp-json\/wp\/v2\/users\/2"}],"replies":[{"embeddable":true,"href":"https:\/\/www.time-line.fr\/fr\/wp-json\/wp\/v2\/comments?post=81"}],"version-history":[{"count":2,"href":"https:\/\/www.time-line.fr\/fr\/wp-json\/wp\/v2\/pages\/81\/revisions"}],"predecessor-version":[{"id":380,"href":"https:\/\/www.time-line.fr\/fr\/wp-json\/wp\/v2\/pages\/81\/revisions\/380"}],"wp:attachment":[{"href":"https:\/\/www.time-line.fr\/fr\/wp-json\/wp\/v2\/media?parent=81"}],"curies":[{"name":"wp","href":"https:\/\/api.w.org\/{rel}","templated":true}]}}